{"id":2454,"date":"2013-08-12T17:43:30","date_gmt":"2013-08-12T17:43:30","guid":{"rendered":"https:\/\/www.snowdlight.com\/meribel\/"},"modified":"2022-11-01T09:19:24","modified_gmt":"2022-11-01T09:19:24","slug":"meribel","status":"publish","type":"page","link":"https:\/\/www.snowdlight.com\/fr\/ski-resorts\/meribel\/","title":{"rendered":"Skiable de M\u00e9ribel"},"content":{"rendered":"[vc_row type=\u00a0\u00bbfull_width_background\u00a0\u00bb full_screen_row_position=\u00a0\u00bbmiddle\u00a0\u00bb bg_color=\u00a0\u00bb#1d70b7&Prime; scene_position=\u00a0\u00bbcenter\u00a0\u00bb text_color=\u00a0\u00bblight\u00a0\u00bb text_align=\u00a0\u00bbleft\u00a0\u00bb top_padding=\u00a0\u00bb70&Prime; bottom_padding=\u00a0\u00bb70&Prime; overlay_strength=\u00a0\u00bb0.3&Prime; shape_divider_position=\u00a0\u00bbbottom\u00a0\u00bb bg_image_animation=\u00a0\u00bbnone\u00a0\u00bb shape_type=\u00a0\u00bb\u00a0\u00bb][vc_column column_padding=\u00a0\u00bbno-extra-padding\u00a0\u00bb column_padding_position=\u00a0\u00bball\u00a0\u00bb background_color_opacity=\u00a0\u00bb1&Prime; background_hover_color_opacity=\u00a0\u00bb1&Prime; column_link_target=\u00a0\u00bb_self\u00a0\u00bb column_shadow=\u00a0\u00bbnone\u00a0\u00bb column_border_radius=\u00a0\u00bbnone\u00a0\u00bb width=\u00a0\u00bb1\/1&Prime; tablet_width_inherit=\u00a0\u00bbdefault\u00a0\u00bb tablet_text_alignment=\u00a0\u00bbdefault\u00a0\u00bb phone_text_alignment=\u00a0\u00bbdefault\u00a0\u00bb column_border_width=\u00a0\u00bbnone\u00a0\u00bb column_border_style=\u00a0\u00bbsolid\u00a0\u00bb bg_image_animation=\u00a0\u00bbnone\u00a0\u00bb][vc_column_text]\n<h1><span style=\"font-weight: 400;\">Domaine skiable de M\u00e9ribel<\/span><\/h1>\n[\/vc_column_text][divider line_type=\u00a0\u00bbNo Line\u00a0\u00bb custom_height=\u00a0\u00bb15&Prime;][vc_column_text]\n<span style=\"font-weight: 400;\">Situ\u00e9e au milieu du r\u00e9put\u00e9 domaine des Trois Vall\u00e9es en France, la station de M\u00e9ribel est une destination tr\u00e8s pris\u00e9e par ceux qui veulent profiter d\u2019une exp\u00e9rience de ski inoubliable. Visiter M\u00e9ribel vous offre la chance de venir et explorer les vastes \u00e9tendues de 603 km, qui relie \u00e9galement M\u00e9ribel \u00e0 d\u2019autres destinations populaires, comme Val Thorens et Courchevel.<\/span><br \/>\n[\/vc_column_text][\/vc_column][\/vc_row][vc_row type=\u00a0\u00bbfull_width_background\u00a0\u00bb full_screen_row_position=\u00a0\u00bbmiddle\u00a0\u00bb scene_position=\u00a0\u00bbcenter\u00a0\u00bb text_color=\u00a0\u00bbdark\u00a0\u00bb text_align=\u00a0\u00bbleft\u00a0\u00bb top_padding=\u00a0\u00bb70&Prime; bottom_padding=\u00a0\u00bb70&Prime; overlay_strength=\u00a0\u00bb0.3&Prime; shape_divider_position=\u00a0\u00bbbottom\u00a0\u00bb bg_image_animation=\u00a0\u00bbnone\u00a0\u00bb shape_type=\u00a0\u00bb\u00a0\u00bb][vc_column column_padding=\u00a0\u00bbno-extra-padding\u00a0\u00bb column_padding_position=\u00a0\u00bball\u00a0\u00bb background_color_opacity=\u00a0\u00bb1&Prime; background_hover_color_opacity=\u00a0\u00bb1&Prime; column_link_target=\u00a0\u00bb_self\u00a0\u00bb column_shadow=\u00a0\u00bbnone\u00a0\u00bb column_border_radius=\u00a0\u00bbnone\u00a0\u00bb width=\u00a0\u00bb1\/1&Prime; tablet_width_inherit=\u00a0\u00bbdefault\u00a0\u00bb tablet_text_alignment=\u00a0\u00bbdefault\u00a0\u00bb phone_text_alignment=\u00a0\u00bbdefault\u00a0\u00bb column_border_width=\u00a0\u00bbnone\u00a0\u00bb column_border_style=\u00a0\u00bbsolid\u00a0\u00bb bg_image_animation=\u00a0\u00bbnone\u00a0\u00bb][vc_column_text]La station de M\u00e9ribel se d\u00e9ploie sur une vaste \u00e9tendue et chaque endroit y est bien connect\u00e9 \u00e0 la zone de ski. Aussi, chaque versant a quelque chose \u00e0 offrir de diff\u00e9rents aux skieurs. Que vous soyez \u00e0 la recherche de parcours faciles ou vouliez d\u00e9fier vos talents sur des pistes plus difficiles, vous trouverez tout ce qu\u2019il vous faut ici. Des formules sp\u00e9ciales de le\u00e7ons de ski, sp\u00e9cialement adapt\u00e9es aux diff\u00e9rents niveaux, sont offerts aux visiteurs. Pour adultes ou s\u00e9niors, adolescents et enfants, chacun peut opter pour ces formules et peut \u00eatre entrain\u00e9 par un moniteur de ski professionnel, aux ann\u00e9es d\u2019exp\u00e9riences. Et pour plus de confort, les clients peuvent r\u00e9server en ligne le programme d\u00e9sir\u00e9 incluant forfaits et location de mat\u00e9riels de ski.<br \/>\nQue vous vous consid\u00e9riez novice ou expert en ski, Les Trois Vall\u00e9es vous offre le parfait d\u00e9cor pour parfaire vos talents et ajouter des moments m\u00e9morables \u00e0 votre exp\u00e9rience de ski. Ne vous pr\u00e9occupez pas d\u2019emporter vos \u00e9quipements, tout est disponible et pr\u00eat pour vous sur place. Aussi vous b\u00e9n\u00e9ficiez des conseils d\u2019experts professionnels, riches de leurs nombreuses ann\u00e9es d\u2019exp\u00e9rience du ski. Ils ne vous accompagnent pas uniquement vers les meilleurs m\u00e9thodes les plus plaisantes et s\u00e9curis\u00e9s de skis mais aussi sur les forfaits et mat\u00e9riels les plus adapt\u00e9s, en ad\u00e9quation avec votre niveau.<br \/>\nPour le confort de nos invit\u00e9s et pour leur procurer l\u2019endroit le plus apaisant o\u00f9 ils peuvent se reposer et se d\u00e9tendre apr\u00e8s une dense journ\u00e9e dans les montagnes, les plus luxurieux h\u00f4tels sont l\u00e0. Les h\u00e9bergements et services offerts ici s\u2019accordent aux plus hauts standards internationaux et sont con\u00e7us sp\u00e9cialement pour le confort et les pr\u00e9f\u00e9rences des clients. En plus des services de qualit\u00e9s incomparables et de l\u2019ambiance paisible offerts, c\u2019est \u00e9galement l\u2019incroyable vari\u00e9t\u00e9 de d\u00e9licieux mets culinaires qui offre aux invit\u00e9s une exp\u00e9rience vraiment inoubliable.<br \/>\nAvec le ski, les clients peuvent appr\u00e9cier le snowboard \u00e9galement. C\u2019est une autre activit\u00e9 populaire que les clients aiment pratiquer ici.<br \/>\nEn r\u00e9sum\u00e9, il est facile de dire que le domaine skiable de M\u00e9ribel n\u2019est rien moins qu\u2019un paradis pour les amateurs de ski et ceux qui veulent profiter des plus incroyables et raffin\u00e9s dons de la nature, d\u00e9valant avec plaisir et excitation les vall\u00e9es recouvertes de neige et les montagnes.[\/vc_column_text][\/vc_column][\/vc_row]\n","protected":false},"excerpt":{"rendered":"<p>[vc_row type=\u00a0\u00bbfull_width_background\u00a0\u00bb full_screen_row_position=\u00a0\u00bbmiddle\u00a0\u00bb bg_color=\u00a0\u00bb#1d70b7&Prime; scene_position=\u00a0\u00bbcenter\u00a0\u00bb text_color=\u00a0\u00bblight\u00a0\u00bb text_align=\u00a0\u00bbleft\u00a0\u00bb top_padding=\u00a0\u00bb70&Prime; bottom_padding=\u00a0\u00bb70&Prime; overlay_strength=\u00a0\u00bb0.3&Prime; shape_divider_position=\u00a0\u00bbbottom\u00a0\u00bb bg_image_animation=\u00a0\u00bbnone\u00a0\u00bb shape_type=\u00a0\u00bb\u00a0\u00bb][vc_column column_padding=\u00a0\u00bbno-extra-padding\u00a0\u00bb column_padding_position=\u00a0\u00bball\u00a0\u00bb background_color_opacity=\u00a0\u00bb1&Prime; background_hover_color_opacity=\u00a0\u00bb1&Prime; column_link_target=\u00a0\u00bb_self\u00a0\u00bb column_shadow=\u00a0\u00bbnone\u00a0\u00bb column_border_radius=\u00a0\u00bbnone\u00a0\u00bb width=\u00a0\u00bb1\/1&Prime; tablet_width_inherit=\u00a0\u00bbdefault\u00a0\u00bb tablet_text_alignment=\u00a0\u00bbdefault\u00a0\u00bb phone_text_alignment=\u00a0\u00bbdefault\u00a0\u00bb column_border_width=\u00a0\u00bbnone\u00a0\u00bb column_border_style=\u00a0\u00bbsolid\u00a0\u00bb bg_image_animation=\u00a0\u00bbnone\u00a0\u00bb][vc_column_text] Domaine skiable de&#8230;<\/p>\n","protected":false},"author":14,"featured_media":0,"parent":2464,"menu_order":0,"comment_status":"open","ping_status":"open","template":"","meta":{"footnotes":""},"class_list":["post-2454","page","type-page","status-publish"],"_links":{"self":[{"href":"https:\/\/www.snowdlight.com\/fr\/wp-json\/wp\/v2\/pages\/2454","targetHints":{"allow":["GET"]}}],"collection":[{"href":"https:\/\/www.snowdlight.com\/fr\/wp-json\/wp\/v2\/pages"}],"about":[{"href":"https:\/\/www.snowdlight.com\/fr\/wp-json\/wp\/v2\/types\/page"}],"author":[{"embeddable":true,"href":"https:\/\/www.snowdlight.com\/fr\/wp-json\/wp\/v2\/users\/14"}],"replies":[{"embeddable":true,"href":"https:\/\/www.snowdlight.com\/fr\/wp-json\/wp\/v2\/comments?post=2454"}],"version-history":[{"count":4,"href":"https:\/\/www.snowdlight.com\/fr\/wp-json\/wp\/v2\/pages\/2454\/revisions"}],"predecessor-version":[{"id":2463,"href":"https:\/\/www.snowdlight.com\/fr\/wp-json\/wp\/v2\/pages\/2454\/revisions\/2463"}],"up":[{"embeddable":true,"href":"https:\/\/www.snowdlight.com\/fr\/wp-json\/wp\/v2\/pages\/2464"}],"wp:attachment":[{"href":"https:\/\/www.snowdlight.com\/fr\/wp-json\/wp\/v2\/media?parent=2454"}],"curies":[{"name":"wp","href":"https:\/\/api.w.org\/{rel}","templated":true}]}}