{"id":2458,"date":"2013-08-12T17:41:09","date_gmt":"2013-08-12T17:41:09","guid":{"rendered":"https:\/\/www.snowdlight.com\/courchevel\/"},"modified":"2022-11-03T14:55:08","modified_gmt":"2022-11-03T14:55:08","slug":"courchevel","status":"publish","type":"page","link":"https:\/\/www.snowdlight.com\/fr\/ski-resorts\/courchevel\/","title":{"rendered":"Skiable de Courchevel"},"content":{"rendered":"[vc_row type=\u00a0\u00bbfull_width_background\u00a0\u00bb full_screen_row_position=\u00a0\u00bbmiddle\u00a0\u00bb column_margin=\u00a0\u00bbdefault\u00a0\u00bb column_direction=\u00a0\u00bbdefault\u00a0\u00bb column_direction_tablet=\u00a0\u00bbdefault\u00a0\u00bb column_direction_phone=\u00a0\u00bbdefault\u00a0\u00bb bg_color=\u00a0\u00bb#1d70b7&Prime; scene_position=\u00a0\u00bbcenter\u00a0\u00bb top_padding=\u00a0\u00bb70&Prime; bottom_padding=\u00a0\u00bb70&Prime; text_color=\u00a0\u00bblight\u00a0\u00bb text_align=\u00a0\u00bbleft\u00a0\u00bb row_border_radius=\u00a0\u00bbnone\u00a0\u00bb row_border_radius_applies=\u00a0\u00bbbg\u00a0\u00bb overflow=\u00a0\u00bbvisible\u00a0\u00bb overlay_strength=\u00a0\u00bb0.3&Prime; gradient_direction=\u00a0\u00bbleft_to_right\u00a0\u00bb shape_divider_position=\u00a0\u00bbbottom\u00a0\u00bb bg_image_animation=\u00a0\u00bbnone\u00a0\u00bb shape_type=\u00a0\u00bb\u00a0\u00bb][vc_column column_padding=\u00a0\u00bbno-extra-padding\u00a0\u00bb column_padding_tablet=\u00a0\u00bbinherit\u00a0\u00bb column_padding_phone=\u00a0\u00bbinherit\u00a0\u00bb column_padding_position=\u00a0\u00bball\u00a0\u00bb column_element_direction_desktop=\u00a0\u00bbdefault\u00a0\u00bb column_element_spacing=\u00a0\u00bbdefault\u00a0\u00bb desktop_text_alignment=\u00a0\u00bbdefault\u00a0\u00bb tablet_text_alignment=\u00a0\u00bbdefault\u00a0\u00bb phone_text_alignment=\u00a0\u00bbdefault\u00a0\u00bb background_color_opacity=\u00a0\u00bb1&Prime; background_hover_color_opacity=\u00a0\u00bb1&Prime; column_backdrop_filter=\u00a0\u00bbnone\u00a0\u00bb column_shadow=\u00a0\u00bbnone\u00a0\u00bb column_border_radius=\u00a0\u00bbnone\u00a0\u00bb column_link_target=\u00a0\u00bb_self\u00a0\u00bb column_position=\u00a0\u00bbdefault\u00a0\u00bb gradient_direction=\u00a0\u00bbleft_to_right\u00a0\u00bb overlay_strength=\u00a0\u00bb0.3&Prime; width=\u00a0\u00bb1\/1&Prime; tablet_width_inherit=\u00a0\u00bbdefault\u00a0\u00bb animation_type=\u00a0\u00bbdefault\u00a0\u00bb bg_image_animation=\u00a0\u00bbnone\u00a0\u00bb border_type=\u00a0\u00bbsimple\u00a0\u00bb column_border_width=\u00a0\u00bbnone\u00a0\u00bb column_border_style=\u00a0\u00bbsolid\u00a0\u00bb][vc_column_text]\n<div class=\"row-fluid\">\n<div class=\"wpb_content_element span6 wpb_text_column\">\n<div class=\"wpb_wrapper clearfix\">\n<h1 style=\"text-align: center;\"><span style=\"font-weight: 400;\">Domaine skiable de Courchevel<\/span><\/h1>\n<\/div>\n<\/div>\n<\/div>\n[\/vc_column_text][divider line_type=\u00a0\u00bbNo Line\u00a0\u00bb custom_height=\u00a0\u00bb15&Prime;][vc_column_text]\n<div class=\"row-fluid\">\n<div class=\"wpb_content_element span6 wpb_text_column\">\n<div class=\"wpb_wrapper clearfix\">\n<p style=\"text-align: center;\"><span style=\"font-weight: 400;\">Si skier dans la neige blanche et immacul\u00e9e vous a toujours fascin\u00e9, alors Courchevel est la destination parfaite pour profiter d\u2019une exp\u00e9rience imbattable.<\/span><\/p>\n<\/div>\n<\/div>\n<\/div>\n[\/vc_column_text][\/vc_column][\/vc_row][vc_row type=\u00a0\u00bbfull_width_background\u00a0\u00bb full_screen_row_position=\u00a0\u00bbmiddle\u00a0\u00bb column_margin=\u00a0\u00bbdefault\u00a0\u00bb column_direction=\u00a0\u00bbdefault\u00a0\u00bb column_direction_tablet=\u00a0\u00bbdefault\u00a0\u00bb column_direction_phone=\u00a0\u00bbdefault\u00a0\u00bb scene_position=\u00a0\u00bbcenter\u00a0\u00bb top_padding=\u00a0\u00bb70&Prime; bottom_padding=\u00a0\u00bb70&Prime; text_color=\u00a0\u00bbdark\u00a0\u00bb text_align=\u00a0\u00bbleft\u00a0\u00bb row_border_radius=\u00a0\u00bbnone\u00a0\u00bb row_border_radius_applies=\u00a0\u00bbbg\u00a0\u00bb overflow=\u00a0\u00bbvisible\u00a0\u00bb overlay_strength=\u00a0\u00bb0.3&Prime; gradient_direction=\u00a0\u00bbleft_to_right\u00a0\u00bb shape_divider_position=\u00a0\u00bbbottom\u00a0\u00bb bg_image_animation=\u00a0\u00bbnone\u00a0\u00bb shape_type=\u00a0\u00bb\u00a0\u00bb][vc_column column_padding=\u00a0\u00bbno-extra-padding\u00a0\u00bb column_padding_tablet=\u00a0\u00bbinherit\u00a0\u00bb column_padding_phone=\u00a0\u00bbinherit\u00a0\u00bb column_padding_position=\u00a0\u00bball\u00a0\u00bb column_element_direction_desktop=\u00a0\u00bbdefault\u00a0\u00bb column_element_spacing=\u00a0\u00bbdefault\u00a0\u00bb desktop_text_alignment=\u00a0\u00bbdefault\u00a0\u00bb tablet_text_alignment=\u00a0\u00bbdefault\u00a0\u00bb phone_text_alignment=\u00a0\u00bbdefault\u00a0\u00bb background_color_opacity=\u00a0\u00bb1&Prime; background_hover_color_opacity=\u00a0\u00bb1&Prime; column_backdrop_filter=\u00a0\u00bbnone\u00a0\u00bb column_shadow=\u00a0\u00bbnone\u00a0\u00bb column_border_radius=\u00a0\u00bbnone\u00a0\u00bb column_link_target=\u00a0\u00bb_self\u00a0\u00bb column_position=\u00a0\u00bbdefault\u00a0\u00bb gradient_direction=\u00a0\u00bbleft_to_right\u00a0\u00bb overlay_strength=\u00a0\u00bb0.3&Prime; width=\u00a0\u00bb1\/1&Prime; tablet_width_inherit=\u00a0\u00bbdefault\u00a0\u00bb animation_type=\u00a0\u00bbdefault\u00a0\u00bb bg_image_animation=\u00a0\u00bbnone\u00a0\u00bb border_type=\u00a0\u00bbsimple\u00a0\u00bb column_border_width=\u00a0\u00bbnone\u00a0\u00bb column_border_style=\u00a0\u00bbsolid\u00a0\u00bb][vc_column_text]<span style=\"font-weight: 400;\">Cette incroyable station situ\u00e9e dans les Alpes Fran\u00e7aises est la destination favorite pour les amoureux de ski du monde entier. C\u2019est l\u2019une des Trois vall\u00e9es et elle est reconnue pour avoir la plus grande \u00e9tendue connect\u00e9e pour skier. Courchevel est aussi r\u00e9put\u00e9 pour \u00eatre une station de ski qui offre des h\u00e9bergements et services assurant une exp\u00e9rience m\u00e9morable \u00e0 ses visiteurs.<\/span><\/p>\n<p><span style=\"font-weight: 400;\">La premi\u00e8re chose qui \u00e9blouie les visiteurs c\u2019est la beaut\u00e9 des paysages, et de la neige blanche \u00e0 perte de vue. De grands massifs, recouverts de neige immacul\u00e9e sont suffisant \u00e0 eux seuls pour fasciner quiconque visitant cette partie du monde. \u00c9tincelantes dans les brumeuses lumi\u00e8res du soleil, ces vall\u00e9es offrent une parfaite vue pittoresque.<\/span><\/p>\n<p><span style=\"font-weight: 400;\">Ici vous pouvez tout trouver, des soir\u00e9es festives et anim\u00e9es aux villages sereins traditionnels, pour vous garder occup\u00e9 et amus\u00e9.<\/span><\/p>\n<p><span style=\"font-weight: 400;\">La station de Courchevel n\u2019offre pas seulement des superbes pistes pour am\u00e9liorer vos talents de skieurs mais aussi un nombre impressionnant d\u2019h\u00f4tels et lieux d\u2019h\u00e9bergements qui assurent que votre s\u00e9jour dans les Alpes soit aussi plaisant et m\u00e9morable que votre exp\u00e9rience de ski. Vivant au coeur de tout ce qui se passe signifie aussi que vous n\u2019avez que quelques pas \u00e0 faire depuis votre chambre pour commencer \u00e0 skier. Alors que vous skier sur des pistes qui n\u2019en finissent pas, vous pouvez \u00e0 loisir planifier de vous arr\u00eater \u00e0 une multitude de restaurants vari\u00e9s qui offre de d\u00e9licieuses exp\u00e9riences culinaires ainsi que toute autre chose dont vous pourriez avoir envie.<\/span><\/p>\n<p><span style=\"font-weight: 400;\">Que vous soyez skieur d\u00e9butant ou exp\u00e9riment\u00e9, vous trouverez forc\u00e9ment ce que vous aimez.<\/span><\/p>\n<p><span style=\"font-weight: 400;\">Des pistes faciles, aux descentes plus ardues, la station de Courchevel vous offre plein d\u2019options \u00e0 choisir en ad\u00e9quation avec votre niveau et votre expertise. SI vous commencer le ski pour la premi\u00e8re fois, alors vous pouvez \u00eatre tranquille et rassur\u00e9 de savoir que nos experts ici \u00e0 Snow D\u2019Light feront de vos premi\u00e8res glisses un souvenir que vous ch\u00e9rirez toute votre vie. Ce sont des moniteurs professionnels et tr\u00e8s entrain\u00e9s, qui offrent des le\u00e7ons aux skieurs de tous niveaux.<\/span><\/p>\n<p><span style=\"font-weight: 400;\">Tous les \u00e9quipements \u00e9galement requis pour une exp\u00e9rience de ski plaisante et s\u00e9curis\u00e9 sont aussi disponibles, ce qui all\u00e8ge vos pr\u00e9occupations. La possibilit\u00e9 de r\u00e9server en ligne s\u2019ajoute au confort des clients qui peuvent r\u00e9server bien avant leur arriv\u00e9e.<\/span><\/p>\n<p><span style=\"font-weight: 400;\">Donc, tout ce que vous avez \u00e0 faire est de boucler vos valises et vous pr\u00e9parez pour l\u2019exp\u00e9rience de votre vie alors que vous skierez dans les fantastiques lieux du Domaine skiable de Courchevel.<\/span>[\/vc_column_text][\/vc_column][\/vc_row]\n","protected":false},"excerpt":{"rendered":"<p>[vc_row type=\u00a0\u00bbfull_width_background\u00a0\u00bb full_screen_row_position=\u00a0\u00bbmiddle\u00a0\u00bb column_margin=\u00a0\u00bbdefault\u00a0\u00bb column_direction=\u00a0\u00bbdefault\u00a0\u00bb column_direction_tablet=\u00a0\u00bbdefault\u00a0\u00bb column_direction_phone=\u00a0\u00bbdefault\u00a0\u00bb bg_color=\u00a0\u00bb#1d70b7&Prime; scene_position=\u00a0\u00bbcenter\u00a0\u00bb top_padding=\u00a0\u00bb70&Prime; bottom_padding=\u00a0\u00bb70&Prime; text_color=\u00a0\u00bblight\u00a0\u00bb text_align=\u00a0\u00bbleft\u00a0\u00bb row_border_radius=\u00a0\u00bbnone\u00a0\u00bb row_border_radius_applies=\u00a0\u00bbbg\u00a0\u00bb overflow=\u00a0\u00bbvisible\u00a0\u00bb overlay_strength=\u00a0\u00bb0.3&Prime; gradient_direction=\u00a0\u00bbleft_to_right\u00a0\u00bb shape_divider_position=\u00a0\u00bbbottom\u00a0\u00bb bg_image_animation=\u00a0\u00bbnone\u00a0\u00bb shape_type=\u00a0\u00bb\u00a0\u00bb][vc_column column_padding=\u00a0\u00bbno-extra-padding\u00a0\u00bb column_padding_tablet=\u00a0\u00bbinherit\u00a0\u00bb column_padding_phone=\u00a0\u00bbinherit\u00a0\u00bb column_padding_position=\u00a0\u00bball\u00a0\u00bb column_element_direction_desktop=\u00a0\u00bbdefault\u00a0\u00bb column_element_spacing=\u00a0\u00bbdefault\u00a0\u00bb desktop_text_alignment=\u00a0\u00bbdefault\u00a0\u00bb tablet_text_alignment=\u00a0\u00bbdefault\u00a0\u00bb phone_text_alignment=\u00a0\u00bbdefault\u00a0\u00bb&#8230;<\/p>\n","protected":false},"author":14,"featured_media":0,"parent":2464,"menu_order":0,"comment_status":"open","ping_status":"closed","template":"","meta":{"footnotes":""},"class_list":["post-2458","page","type-page","status-publish"],"_links":{"self":[{"href":"https:\/\/www.snowdlight.com\/fr\/wp-json\/wp\/v2\/pages\/2458","targetHints":{"allow":["GET"]}}],"collection":[{"href":"https:\/\/www.snowdlight.com\/fr\/wp-json\/wp\/v2\/pages"}],"about":[{"href":"https:\/\/www.snowdlight.com\/fr\/wp-json\/wp\/v2\/types\/page"}],"author":[{"embeddable":true,"href":"https:\/\/www.snowdlight.com\/fr\/wp-json\/wp\/v2\/users\/14"}],"replies":[{"embeddable":true,"href":"https:\/\/www.snowdlight.com\/fr\/wp-json\/wp\/v2\/comments?post=2458"}],"version-history":[{"count":4,"href":"https:\/\/www.snowdlight.com\/fr\/wp-json\/wp\/v2\/pages\/2458\/revisions"}],"predecessor-version":[{"id":2525,"href":"https:\/\/www.snowdlight.com\/fr\/wp-json\/wp\/v2\/pages\/2458\/revisions\/2525"}],"up":[{"embeddable":true,"href":"https:\/\/www.snowdlight.com\/fr\/wp-json\/wp\/v2\/pages\/2464"}],"wp:attachment":[{"href":"https:\/\/www.snowdlight.com\/fr\/wp-json\/wp\/v2\/media?parent=2458"}],"curies":[{"name":"wp","href":"https:\/\/api.w.org\/{rel}","templated":true}]}}