{"id":550,"date":"2013-10-24T10:05:23","date_gmt":"2013-10-24T10:05:23","guid":{"rendered":"https:\/\/www.snowdlight.com\/site\/?page_id=550"},"modified":"2026-04-14T12:44:13","modified_gmt":"2026-04-14T12:44:13","slug":"conditions","status":"publish","type":"page","link":"https:\/\/www.snowdlight.com\/fr\/conditions\/","title":{"rendered":"Conditions de vente"},"content":{"rendered":"[vc_row type=\u00a0\u00bbin_container\u00a0\u00bb full_screen_row_position=\u00a0\u00bbmiddle\u00a0\u00bb column_margin=\u00a0\u00bbdefault\u00a0\u00bb column_direction=\u00a0\u00bbdefault\u00a0\u00bb column_direction_tablet=\u00a0\u00bbdefault\u00a0\u00bb column_direction_phone=\u00a0\u00bbdefault\u00a0\u00bb scene_position=\u00a0\u00bbcenter\u00a0\u00bb text_color=\u00a0\u00bbdark\u00a0\u00bb text_align=\u00a0\u00bbleft\u00a0\u00bb row_border_radius=\u00a0\u00bbnone\u00a0\u00bb row_border_radius_applies=\u00a0\u00bbbg\u00a0\u00bb row_position_desktop=\u00a0\u00bbdefault\u00a0\u00bb row_position_tablet=\u00a0\u00bbinherit\u00a0\u00bb row_position_phone=\u00a0\u00bbinherit\u00a0\u00bb overflow=\u00a0\u00bbvisible\u00a0\u00bb overlay_strength=\u00a0\u00bb0.3&Prime; gradient_direction=\u00a0\u00bbleft_to_right\u00a0\u00bb shape_divider_position=\u00a0\u00bbbottom\u00a0\u00bb bg_image_animation=\u00a0\u00bbnone\u00a0\u00bb][vc_column column_padding=\u00a0\u00bbno-extra-padding\u00a0\u00bb column_padding_tablet=\u00a0\u00bbinherit\u00a0\u00bb column_padding_phone=\u00a0\u00bbinherit\u00a0\u00bb column_padding_position=\u00a0\u00bball\u00a0\u00bb flex_gap_desktop=\u00a0\u00bb10px\u00a0\u00bb column_element_direction_desktop=\u00a0\u00bbdefault\u00a0\u00bb column_element_spacing=\u00a0\u00bbdefault\u00a0\u00bb desktop_text_alignment=\u00a0\u00bbdefault\u00a0\u00bb tablet_text_alignment=\u00a0\u00bbdefault\u00a0\u00bb phone_text_alignment=\u00a0\u00bbdefault\u00a0\u00bb background_color_opacity=\u00a0\u00bb1&Prime; background_hover_color_opacity=\u00a0\u00bb1&Prime; column_backdrop_filter=\u00a0\u00bbnone\u00a0\u00bb column_shadow=\u00a0\u00bbnone\u00a0\u00bb column_border_radius=\u00a0\u00bbnone\u00a0\u00bb column_link_target=\u00a0\u00bb_self\u00a0\u00bb column_position=\u00a0\u00bbdefault\u00a0\u00bb gradient_direction=\u00a0\u00bbleft_to_right\u00a0\u00bb overlay_strength=\u00a0\u00bb0.3&Prime; width=\u00a0\u00bb1\/1&Prime; tablet_width_inherit=\u00a0\u00bbdefault\u00a0\u00bb animation_type=\u00a0\u00bbdefault\u00a0\u00bb bg_image_animation=\u00a0\u00bbnone\u00a0\u00bb border_type=\u00a0\u00bbsimple\u00a0\u00bb column_border_width=\u00a0\u00bbnone\u00a0\u00bb column_border_style=\u00a0\u00bbsolid\u00a0\u00bb][vc_column_text css=\u00a0\u00bb\u00a0\u00bb pb_margin_bottom=\u00a0\u00bbno\u00a0\u00bb pb_border_bottom=\u00a0\u00bbno\u00a0\u00bb width=\u00a0\u00bb1\/1&Prime; el_position=\u00a0\u00bbfirst last\u00a0\u00bb text_direction=\u00a0\u00bbdefault\u00a0\u00bb]\n<h2>CONDITIONS DE VENTE\u00a0:<\/h2>\n<h4>Les pr\u00e9sentes conditions g\u00e9n\u00e9rales de vente s\u2019appliquent \u00e0 toutes les r\u00e9servations effectu\u00e9es au sein de Snow D\u2019Light.<\/h4>\n<ol data-start=\"0\" data-end=\"670\">\n<li data-section-id=\"1dhs7wh\" data-start=\"0\" data-end=\"389\">Un acompte de 50 % est requis pour confirmer une r\u00e9servation. Le paiement int\u00e9gral est exig\u00e9 pour les semaines de forte affluence. Nous ne pouvons pas conserver les r\u00e9servations non confirm\u00e9es pendant plus de 3 jours. Le solde doit \u00eatre r\u00e9gl\u00e9 en station dans les 48 heures suivant la premi\u00e8re le\u00e7on. Les prix sont corrects en date de Septembre 2025, mais peuvent \u00eatre sujets \u00e0 r\u00e9vision.<\/li>\n<li data-section-id=\"5cqdwe\" data-start=\"391\" data-end=\"623\">Les paiements peuvent \u00eatre effectu\u00e9s par Visa, Mastercard, Eurocard, Euroch\u00e8que, virement bancaire ou, en cas de r\u00e9servation en station, en esp\u00e8ces, dans tous les cas avant la le\u00e7on. Les places de cours ne sont pas transf\u00e9rables.<\/li>\n<li data-section-id=\"yic11f\" data-start=\"625\" data-end=\"670\">Politique d\u2019annulation et de modification<\/li>\n<\/ol>\n<p data-start=\"672\" data-end=\"690\">3.1 Interpr\u00e9tation<\/p>\n<p data-start=\"692\" data-end=\"873\">Tous les d\u00e9lais de pr\u00e9avis sont calcul\u00e9s par r\u00e9f\u00e9rence au dimanche de votre semaine d\u2019arriv\u00e9e. Les d\u00e9lais sont d\u00e9termin\u00e9s \u00e0 partir de la date de r\u00e9ception de la notification \u00e9crite.<\/p>\n<p data-start=\"875\" data-end=\"902\">3.2 Conditions d\u2019annulation<\/p>\n<p data-start=\"904\" data-end=\"1189\">\u2022 6 semaines ou plus avant le dimanche de votre semaine d\u2019arriv\u00e9e \u2013 remboursement \u00e0 100 %<br data-start=\"999\" data-end=\"1002\" \/>\u2022 Entre 6 semaines et 14 jours avant \u2013 remboursement \u00e0 75 %<br data-start=\"1067\" data-end=\"1070\" \/>\u2022 Entre 14 jours et 7 jours avant \u2013 remboursement \u00e0 50 %<br data-start=\"1132\" data-end=\"1135\" \/>\u2022 Moins de 7 jours avant \u2013 aucun remboursement<\/p>\n<p data-start=\"1191\" data-end=\"1465\">Les remboursements seront effectu\u00e9s selon le mode de paiement initial, sauf accord contraire.<br data-start=\"1284\" data-end=\"1287\" \/>Lorsqu\u2019un remboursement int\u00e9gral n\u2019est pas applicable, une confirmation \u00e9crite d\u2019annulation ou de non-pr\u00e9sentation sera fournie \u00e0 des fins de r\u00e9clamation aupr\u00e8s de l\u2019assurance.<\/p>\n<p data-start=\"1467\" data-end=\"1669\">3.3 Exigence de notification<br data-start=\"1496\" data-end=\"1499\" \/>Toutes les annulations doivent \u00eatre soumises par \u00e9crit (email accept\u00e9). Les d\u00e9lais de pr\u00e9avis prennent effet \u00e0 partir de la date de r\u00e9ception de la notification \u00e9crite.<\/p>\n<p data-start=\"1671\" data-end=\"2091\">3.4 Modifications et changements de dates<br data-start=\"1714\" data-end=\"1717\" \/>Les demandes de modification des dates de r\u00e9servation doivent \u00eatre faites par \u00e9crit et sont soumises \u00e0 disponibilit\u00e9. Les modifications peuvent \u00eatre consid\u00e9r\u00e9es comme une annulation suivie d\u2019une nouvelle r\u00e9servation. Dans ce cas, les conditions d\u2019annulation ci-dessus seront \u00e9valu\u00e9es sur la base de la date d\u2019arriv\u00e9e initiale. Des frais administratifs peuvent s\u2019appliquer.<\/p>\n<ol start=\"4\" data-start=\"2093\" data-end=\"4870\" data-is-last-node=\"\" data-is-only-node=\"\">\n<li data-section-id=\"gckzgi\" data-start=\"2093\" data-end=\"2768\">Groupes : Un minimum de 3 personnes en p\u00e9riode de forte affluence et de 2 personnes hors p\u00e9riode de pointe est requis pour organiser tout cours collectif. En l\u2019absence d\u2019un nombre suffisant de r\u00e9servations, notre \u00e9quipe fera de son mieux pour vous proposer les options suivantes : une r\u00e9duction du nombre d\u2019heures de cours, un passage en cours priv\u00e9 au tarif \u00e9quivalent, une assistance pour organiser des places avec d\u2019autres \u00e9coles partenaires en station lorsque cela est possible, ou un remboursement total.<br data-start=\"2605\" data-end=\"2608\" \/>Les moniteurs attendront au maximum 10 minutes le premier matin des cours (dimanche) et 5 minutes le lundi. Dans l\u2019int\u00e9r\u00eat du groupe, merci d\u2019arriver \u00e0 l\u2019heure.<\/li>\n<li data-section-id=\"1sahknz\" data-start=\"2770\" data-end=\"3239\">Taille des groupes : Pour les r\u00e9servations de cours collectifs, la taille des groupes est limit\u00e9e aux nombres annonc\u00e9s. Durant les deux premi\u00e8res le\u00e7ons, nous v\u00e9rifierons et harmoniserons tous les groupes afin de garantir que chaque personne se trouve au niveau appropri\u00e9. Nous nous r\u00e9servons le droit de modifier la taille des groupes, qui peut varier si nous estimons que le niveau d\u2019un client correspond davantage \u00e0 un autre groupe que celui initialement r\u00e9serv\u00e9.<\/li>\n<li data-section-id=\"1ll1hwf\" data-start=\"3241\" data-end=\"3490\">Snow D\u2019light n\u2019assure pas ses clients. Les clients doivent \u00eatre couverts par une assurance responsabilit\u00e9 civile. Snow D\u2019light recommande de souscrire une assurance appropri\u00e9e incluant \u00e9galement une couverture personnelle, m\u00e9dicale et de secours.<\/li>\n<li data-section-id=\"1n85cl6\" data-start=\"3492\" data-end=\"3936\">Aucun remboursement ne sera accord\u00e9 par SNOW D\u2019LIGHT, en totalit\u00e9 ou en partie, pour des cours non utilis\u00e9s en raison d\u2019une arriv\u00e9e tardive du client, d\u2019une maladie, d\u2019un accident, de la fermeture de la station pour cause de conditions m\u00e9t\u00e9orologiques ou de panne m\u00e9canique, ou pour toute autre cause ind\u00e9pendante de la volont\u00e9 de SNOW D\u2019LIGHT. Les moniteurs de cours priv\u00e9s attendront 45 minutes les clients au point de rendez-vous convenu.<\/li>\n<li data-section-id=\"1ujpn46\" data-start=\"3938\" data-end=\"4218\">Pour des raisons de s\u00e9curit\u00e9, il est une condition de r\u00e9servation que les clients respectent le jugement professionnel de leur moniteur pendant le cours. Les clients doivent se pr\u00e9senter en condition physique adapt\u00e9e et en toute s\u00e9curit\u00e9 pour une activit\u00e9 en milieu montagnard.<\/li>\n<li data-section-id=\"799dgp\" data-start=\"4220\" data-end=\"4679\">Des photographies ou vid\u00e9os peuvent \u00eatre prises lors des cours collectifs et priv\u00e9s, et utilis\u00e9es dans nos galeries, sur les r\u00e9seaux sociaux et dans nos supports promotionnels. Le consentement sera demand\u00e9 au moment des cours. Pour toute image o\u00f9 une personne est clairement identifiable, un consentement sera requis. Si, pour quelque raison que ce soit, vous souhaitez qu\u2019une image soit supprim\u00e9e, veuillez nous contacter directement \u00e0 <a class=\"decorated-link cursor-pointer\" rel=\"noopener\" data-start=\"4660\" data-end=\"4679\">info@snowdlight.com<\/a><\/li>\n<li data-section-id=\"12h67wg\" data-start=\"4681\" data-end=\"4870\" data-is-last-node=\"\">Si, \u00e0 tout moment pendant votre cours, vous avez un motif de r\u00e9clamation, veuillez nous en informer imm\u00e9diatement et nous nous efforcerons de r\u00e9soudre la situation \u00e0 votre satisfaction.<\/li>\n<\/ol>\n[\/vc_column_text][\/vc_column][\/vc_row]\n","protected":false},"excerpt":{"rendered":"<p>[vc_row type=\u00a0\u00bbin_container\u00a0\u00bb full_screen_row_position=\u00a0\u00bbmiddle\u00a0\u00bb column_margin=\u00a0\u00bbdefault\u00a0\u00bb column_direction=\u00a0\u00bbdefault\u00a0\u00bb column_direction_tablet=\u00a0\u00bbdefault\u00a0\u00bb column_direction_phone=\u00a0\u00bbdefault\u00a0\u00bb scene_position=\u00a0\u00bbcenter\u00a0\u00bb text_color=\u00a0\u00bbdark\u00a0\u00bb text_align=\u00a0\u00bbleft\u00a0\u00bb row_border_radius=\u00a0\u00bbnone\u00a0\u00bb row_border_radius_applies=\u00a0\u00bbbg\u00a0\u00bb row_position_desktop=\u00a0\u00bbdefault\u00a0\u00bb row_position_tablet=\u00a0\u00bbinherit\u00a0\u00bb row_position_phone=\u00a0\u00bbinherit\u00a0\u00bb overflow=\u00a0\u00bbvisible\u00a0\u00bb overlay_strength=\u00a0\u00bb0.3&Prime; gradient_direction=\u00a0\u00bbleft_to_right\u00a0\u00bb shape_divider_position=\u00a0\u00bbbottom\u00a0\u00bb bg_image_animation=\u00a0\u00bbnone\u00a0\u00bb][vc_column column_padding=\u00a0\u00bbno-extra-padding\u00a0\u00bb column_padding_tablet=\u00a0\u00bbinherit\u00a0\u00bb column_padding_phone=\u00a0\u00bbinherit\u00a0\u00bb column_padding_position=\u00a0\u00bball\u00a0\u00bb flex_gap_desktop=\u00a0\u00bb10px\u00a0\u00bb column_element_direction_desktop=\u00a0\u00bbdefault\u00a0\u00bb column_element_spacing=\u00a0\u00bbdefault\u00a0\u00bb desktop_text_alignment=\u00a0\u00bbdefault\u00a0\u00bb tablet_text_alignment=\u00a0\u00bbdefault\u00a0\u00bb phone_text_alignment=\u00a0\u00bbdefault\u00a0\u00bb&#8230;<\/p>\n","protected":false},"author":14,"featured_media":0,"parent":0,"menu_order":0,"comment_status":"closed","ping_status":"open","template":"","meta":{"footnotes":""},"class_list":["post-550","page","type-page","status-publish"],"_links":{"self":[{"href":"https:\/\/www.snowdlight.com\/fr\/wp-json\/wp\/v2\/pages\/550","targetHints":{"allow":["GET"]}}],"collection":[{"href":"https:\/\/www.snowdlight.com\/fr\/wp-json\/wp\/v2\/pages"}],"about":[{"href":"https:\/\/www.snowdlight.com\/fr\/wp-json\/wp\/v2\/types\/page"}],"author":[{"embeddable":true,"href":"https:\/\/www.snowdlight.com\/fr\/wp-json\/wp\/v2\/users\/14"}],"replies":[{"embeddable":true,"href":"https:\/\/www.snowdlight.com\/fr\/wp-json\/wp\/v2\/comments?post=550"}],"version-history":[{"count":4,"href":"https:\/\/www.snowdlight.com\/fr\/wp-json\/wp\/v2\/pages\/550\/revisions"}],"predecessor-version":[{"id":2695,"href":"https:\/\/www.snowdlight.com\/fr\/wp-json\/wp\/v2\/pages\/550\/revisions\/2695"}],"wp:attachment":[{"href":"https:\/\/www.snowdlight.com\/fr\/wp-json\/wp\/v2\/media?parent=550"}],"curies":[{"name":"wp","href":"https:\/\/api.w.org\/{rel}","templated":true}]}}