{"id":569,"date":"2013-10-24T11:04:17","date_gmt":"2013-10-24T11:04:17","guid":{"rendered":"https:\/\/www.snowdlight.com\/site\/?page_id=569"},"modified":"2022-11-11T09:36:45","modified_gmt":"2022-11-11T09:36:45","slug":"niveaux","status":"publish","type":"page","link":"https:\/\/www.snowdlight.com\/fr\/nos-cours\/niveaux\/","title":{"rendered":"D\u00e9terminez votre niveau"},"content":{"rendered":"[vc_row type=\u00a0\u00bbfull_width_background\u00a0\u00bb full_screen_row_position=\u00a0\u00bbmiddle\u00a0\u00bb column_margin=\u00a0\u00bbdefault\u00a0\u00bb column_direction=\u00a0\u00bbdefault\u00a0\u00bb column_direction_tablet=\u00a0\u00bbdefault\u00a0\u00bb column_direction_phone=\u00a0\u00bbdefault\u00a0\u00bb bg_color=\u00a0\u00bb#1d70b7&Prime; scene_position=\u00a0\u00bbcenter\u00a0\u00bb top_padding=\u00a0\u00bb70&Prime; bottom_padding=\u00a0\u00bb70&Prime; text_color=\u00a0\u00bblight\u00a0\u00bb text_align=\u00a0\u00bbleft\u00a0\u00bb row_border_radius=\u00a0\u00bbnone\u00a0\u00bb row_border_radius_applies=\u00a0\u00bbbg\u00a0\u00bb overflow=\u00a0\u00bbvisible\u00a0\u00bb overlay_strength=\u00a0\u00bb0.3&Prime; gradient_direction=\u00a0\u00bbleft_to_right\u00a0\u00bb shape_divider_position=\u00a0\u00bbbottom\u00a0\u00bb bg_image_animation=\u00a0\u00bbnone\u00a0\u00bb shape_type=\u00a0\u00bb\u00a0\u00bb][vc_column column_padding=\u00a0\u00bbno-extra-padding\u00a0\u00bb column_padding_tablet=\u00a0\u00bbinherit\u00a0\u00bb column_padding_phone=\u00a0\u00bbinherit\u00a0\u00bb column_padding_position=\u00a0\u00bball\u00a0\u00bb column_element_direction_desktop=\u00a0\u00bbdefault\u00a0\u00bb column_element_spacing=\u00a0\u00bbdefault\u00a0\u00bb desktop_text_alignment=\u00a0\u00bbdefault\u00a0\u00bb tablet_text_alignment=\u00a0\u00bbdefault\u00a0\u00bb phone_text_alignment=\u00a0\u00bbdefault\u00a0\u00bb background_color_opacity=\u00a0\u00bb1&Prime; background_hover_color_opacity=\u00a0\u00bb1&Prime; column_backdrop_filter=\u00a0\u00bbnone\u00a0\u00bb column_shadow=\u00a0\u00bbnone\u00a0\u00bb column_border_radius=\u00a0\u00bbnone\u00a0\u00bb column_link_target=\u00a0\u00bb_self\u00a0\u00bb column_position=\u00a0\u00bbdefault\u00a0\u00bb gradient_direction=\u00a0\u00bbleft_to_right\u00a0\u00bb overlay_strength=\u00a0\u00bb0.3&Prime; width=\u00a0\u00bb1\/1&Prime; tablet_width_inherit=\u00a0\u00bbdefault\u00a0\u00bb animation_type=\u00a0\u00bbdefault\u00a0\u00bb bg_image_animation=\u00a0\u00bbnone\u00a0\u00bb border_type=\u00a0\u00bbsimple\u00a0\u00bb column_border_width=\u00a0\u00bbnone\u00a0\u00bb column_border_style=\u00a0\u00bbsolid\u00a0\u00bb][vc_column_text]\n<h1 style=\"text-align: center;\">D\u00e9terminez votre niveau<\/h1>\n[\/vc_column_text][\/vc_column][\/vc_row][vc_row type=\u00a0\u00bbin_container\u00a0\u00bb full_screen_row_position=\u00a0\u00bbmiddle\u00a0\u00bb column_margin=\u00a0\u00bbdefault\u00a0\u00bb column_direction=\u00a0\u00bbdefault\u00a0\u00bb column_direction_tablet=\u00a0\u00bbdefault\u00a0\u00bb column_direction_phone=\u00a0\u00bbdefault\u00a0\u00bb scene_position=\u00a0\u00bbcenter\u00a0\u00bb top_padding=\u00a0\u00bb70&Prime; bottom_padding=\u00a0\u00bb70&Prime; text_color=\u00a0\u00bbdark\u00a0\u00bb text_align=\u00a0\u00bbleft\u00a0\u00bb row_border_radius=\u00a0\u00bbnone\u00a0\u00bb row_border_radius_applies=\u00a0\u00bbbg\u00a0\u00bb overflow=\u00a0\u00bbvisible\u00a0\u00bb overlay_strength=\u00a0\u00bb0.3&Prime; gradient_direction=\u00a0\u00bbleft_to_right\u00a0\u00bb shape_divider_position=\u00a0\u00bbbottom\u00a0\u00bb bg_image_animation=\u00a0\u00bbnone\u00a0\u00bb shape_type=\u00a0\u00bb\u00a0\u00bb][vc_column column_padding=\u00a0\u00bbno-extra-padding\u00a0\u00bb column_padding_tablet=\u00a0\u00bbinherit\u00a0\u00bb column_padding_phone=\u00a0\u00bbinherit\u00a0\u00bb column_padding_position=\u00a0\u00bball\u00a0\u00bb column_element_direction_desktop=\u00a0\u00bbdefault\u00a0\u00bb column_element_spacing=\u00a0\u00bbdefault\u00a0\u00bb desktop_text_alignment=\u00a0\u00bbdefault\u00a0\u00bb tablet_text_alignment=\u00a0\u00bbdefault\u00a0\u00bb phone_text_alignment=\u00a0\u00bbdefault\u00a0\u00bb background_color_opacity=\u00a0\u00bb1&Prime; background_hover_color_opacity=\u00a0\u00bb1&Prime; column_backdrop_filter=\u00a0\u00bbnone\u00a0\u00bb column_shadow=\u00a0\u00bbnone\u00a0\u00bb column_border_radius=\u00a0\u00bbnone\u00a0\u00bb column_link_target=\u00a0\u00bb_self\u00a0\u00bb column_position=\u00a0\u00bbdefault\u00a0\u00bb gradient_direction=\u00a0\u00bbleft_to_right\u00a0\u00bb overlay_strength=\u00a0\u00bb0.3&Prime; width=\u00a0\u00bb1\/1&Prime; tablet_width_inherit=\u00a0\u00bbdefault\u00a0\u00bb animation_type=\u00a0\u00bbdefault\u00a0\u00bb bg_image_animation=\u00a0\u00bbnone\u00a0\u00bb border_type=\u00a0\u00bbsimple\u00a0\u00bb column_border_width=\u00a0\u00bbnone\u00a0\u00bb column_border_style=\u00a0\u00bbsolid\u00a0\u00bb][vc_column_text pb_margin_bottom=\u00a0\u00bbno\u00a0\u00bb pb_border_bottom=\u00a0\u00bbno\u00a0\u00bb width=\u00a0\u00bb1\/1&Prime; el_position=\u00a0\u00bbfirst last\u00a0\u00bb]\n<h2>Niveaux Enfants et \u00e9quivalence<\/h2>\n[\/vc_column_text][divider line_type=\u00a0\u00bbNo Line\u00a0\u00bb type=\u00a0\u00bbstandard\u00a0\u00bb text=\u00a0\u00bbGo to top\u00a0\u00bb width=\u00a0\u00bb1\/1&Prime; el_position=\u00a0\u00bbfirst last\u00a0\u00bb custom_height=\u00a0\u00bb15&Prime;][vc_column_text pb_margin_bottom=\u00a0\u00bbno\u00a0\u00bb pb_border_bottom=\u00a0\u00bbno\u00a0\u00bb width=\u00a0\u00bb1\/1&Prime; el_position=\u00a0\u00bbfirst last\u00a0\u00bb]\n<table class=\"solve\">\n<tbody>\n<tr>\n<th valign=\"top\"><strong>Niveau<\/strong><\/th>\n<th valign=\"top\"><strong>Description<\/strong><\/th>\n<th valign=\"top\"><strong>ESF \u00e9quivalant<\/strong><\/th>\n<th valign=\"top\"><strong>ESI \u00e9quivalant<\/strong><\/th>\n<\/tr>\n<tr>\n<td style=\"background-color: #fff;\"><strong>Blanc<\/strong><\/td>\n<td>Je n&rsquo;ai jamais ski\u00e9 et je voudrais bien d\u00e9couvrir la glisse, me familiariser au mat\u00e9riel et \u00e0 l&rsquo;environnement, apprendre les bases pour me diriger et contr\u00f4ler ma vitesse sur piste facile.<\/td>\n<td>Piou Piou<\/td>\n<td>Souris Verte<\/td>\n<\/tr>\n<tr>\n<td style=\"background-color: #0c3; color: #fff;\"><strong>Vert<\/strong><\/td>\n<td>EVOLUTION SUR PISTE VERTE. Je sais freiner en chasse neige et commence \u00e0 faire quelques virages. Je chausse mes skis seul. Je fais des traces directes. Je sais marcher sur le plat.<\/td>\n<td>Ourson<\/td>\n<td>Souris de Bronze<\/td>\n<\/tr>\n<tr>\n<td style=\"background-color: #0c3; color: #fff;\"><strong>Vert+<\/strong><\/td>\n<td>EVOLUTION SUR PISTE VERTE. Je sais mettre mes skis ensemble et les porter tout seul. Je sais monter en escalier ou en canard. Je sais me relever tout seul si je tombe. Je sais tourner \u00e0 droite, \u00e0 gauche et m&rsquo;arr\u00eater en chasse neige.<\/td>\n<td>Flocon<\/td>\n<td>Cristal International<\/td>\n<\/tr>\n<tr>\n<td style=\"background-color: #09f; color: #fff;\"><strong>Bleu <\/strong><\/td>\n<td>EVOLUTION SUR PISTE VERTE ET BLEUE FACILE. Je sais mettre mes skis ensemble et les porter tout seul. Je tourne en chasse neige et je suis capable de garder mes skis parall\u00e8les. Je peux utiliser le petit t\u00e9l\u00e9ski tout seul.<\/td>\n<td>1ere Etoile<\/td>\n<td>Cristal Bronze<\/td>\n<\/tr>\n<tr>\n<td style=\"background-color: #09f; color: #fff;\"><strong>Bleu +<\/strong><\/td>\n<td>Je ne m&rsquo;arr\u00eate plus en chasse neige mais skis parall\u00e8les. Je commence \u00e0 d\u00e9raper je ski \u00ab parall\u00e8le \u00bb sur les vertes faciles. Je sais faire doucement le pas du patineur sur le plat.<\/td>\n<td>2eme Etoile<\/td>\n<td>Cristal Argent<\/td>\n<\/tr>\n<tr>\n<td style=\"background-color: #f00; color: #fff;\"><strong>Rouge<\/strong><\/td>\n<td>Je ski parall\u00e8le sur les pistes bleues. Je m&rsquo;arr\u00eate rapidement skis parall\u00e8les. Je d\u00e9rape tr\u00e8s facilement. Je peux tourner en soulevant un pied.<\/td>\n<td>3eme Etoile<\/td>\n<td>Cristal Vermeil<\/td>\n<\/tr>\n<tr>\n<td style=\"background-color: #f00; color: #fff;\"><strong>Rouge + <\/strong><\/td>\n<td>Je ski parall\u00e8le sur les pistes rouges. Je regarde en permanence autour de moi. Je commence \u00e0 savoir tourner dans les bosses.<\/td>\n<td>Etoile Bronze<\/td>\n<td>Cristal Or<\/td>\n<\/tr>\n<tr>\n<td style=\"background-color: #000; color: #fff;\"><strong>Noir<\/strong><\/td>\n<td>Je fais des grandes courbes rapides en contr\u00f4lant ma vitesse. Je ski dans les bosses sur une rouge. J&rsquo;utilise les carres de mes skis (carving). J&rsquo;\u00e9volue en tenant compte et en m&rsquo;adaptant aux \u00e9l\u00e9ments ext\u00e9rieurs (terrain, autres skieurs ou snowboarders, type de neige)<\/td>\n<td>Etoile d&rsquo;or<\/td>\n<td>Cristal\u00a0 Diamant<\/td>\n<\/tr>\n<\/tbody>\n<\/table>\n[\/vc_column_text][divider line_type=\u00a0\u00bbNo Line\u00a0\u00bb type=\u00a0\u00bbstandard\u00a0\u00bb text=\u00a0\u00bbGo to top\u00a0\u00bb width=\u00a0\u00bb1\/1&Prime; el_position=\u00a0\u00bbfirst last\u00a0\u00bb][vc_column_text pb_margin_bottom=\u00a0\u00bbno\u00a0\u00bb pb_border_bottom=\u00a0\u00bbno\u00a0\u00bb width=\u00a0\u00bb1\/1&Prime; el_position=\u00a0\u00bbfirst last\u00a0\u00bb]\n<h2>Niveaux Adultes<\/h2>\n[\/vc_column_text][divider line_type=\u00a0\u00bbNo Line\u00a0\u00bb type=\u00a0\u00bbstandard\u00a0\u00bb text=\u00a0\u00bbGo to top\u00a0\u00bb width=\u00a0\u00bb1\/1&Prime; el_position=\u00a0\u00bbfirst last\u00a0\u00bb custom_height=\u00a0\u00bb15&Prime;][vc_column_text pb_margin_bottom=\u00a0\u00bbno\u00a0\u00bb pb_border_bottom=\u00a0\u00bbno\u00a0\u00bb width=\u00a0\u00bb1\/1&Prime; el_position=\u00a0\u00bbfirst last\u00a0\u00bb]\n<table class=\"solve\">\n<tbody>\n<tr>\n<th><strong>Niveau<\/strong><\/th>\n<th><strong>Description<\/strong><\/th>\n<\/tr>\n<tr>\n<td style=\"background-color: #fff;\"><strong>Blanc<\/strong><\/td>\n<td>Je n\u2019ai jamais ski\u00e9 et je voudrais bien d\u00e9couvrir la glisse, me familiariser avec le\u00a0 mat\u00e9riel et\u00a0 l\u2019environnement, apprendre les bases pour me diriger et contr\u00f4ler ma vitesse sur piste facile.<\/td>\n<\/tr>\n<tr>\n<td style=\"background-color: #0c3; color: #fff;\"><strong>Vert<\/strong><\/td>\n<td>Je sais freiner en chasse neige et commence \u00e0 faire quelques virages sur les pistes vertes.<\/td>\n<\/tr>\n<tr>\n<td style=\"background-color: #09f; color: #fff;\"><strong>Bleu <\/strong><\/td>\n<td>Je suis \u00e0 l&rsquo;aise et parall\u00e8le sur les bleues et je fais quelques rouges faciles, mais je perds vite le contr\u00f4le et ma confiance si c&rsquo;est verglac\u00e9, bossel\u00e9 ou plus \u00e9troit.<\/td>\n<\/tr>\n<tr>\n<td style=\"background-color: #f00; color: #fff;\"><strong>Rouge <\/strong><\/td>\n<td>Je suis \u00e0 l&rsquo;aise et parall\u00e8le sur les rouges et je fais quelques noires faciles. Je veux apprendre \u00e0 n\u00e9gocier les pistes verglac\u00e9es et plus pentues, je veux apprendre \u00e0 tourner dans les bosses.<\/td>\n<\/tr>\n<tr>\n<td style=\"background-color: #000; color: #fff;\"><strong>Noir<\/strong><\/td>\n<td>Je peux skier la plupart des noires mais tranquillement. Je veux apprendre \u00e0 skier dans des pentes plus soutenues en toutes neiges tous terrains et je r\u00eave de laisser mes traces dans la poudreuse..<\/td>\n<\/tr>\n<\/tbody>\n<\/table>\n[\/vc_column_text][divider line_type=\u00a0\u00bbNo Line\u00a0\u00bb type=\u00a0\u00bbgo_to_top_icon2&Prime; text=\u00a0\u00bbGet the lift\u00a0\u00bb width=\u00a0\u00bb1\/1&Prime; el_position=\u00a0\u00bbfirst last\u00a0\u00bb][\/vc_column][\/vc_row]\n","protected":false},"excerpt":{"rendered":"<p>[vc_row type=\u00a0\u00bbfull_width_background\u00a0\u00bb full_screen_row_position=\u00a0\u00bbmiddle\u00a0\u00bb column_margin=\u00a0\u00bbdefault\u00a0\u00bb column_direction=\u00a0\u00bbdefault\u00a0\u00bb column_direction_tablet=\u00a0\u00bbdefault\u00a0\u00bb column_direction_phone=\u00a0\u00bbdefault\u00a0\u00bb bg_color=\u00a0\u00bb#1d70b7&Prime; scene_position=\u00a0\u00bbcenter\u00a0\u00bb top_padding=\u00a0\u00bb70&Prime; bottom_padding=\u00a0\u00bb70&Prime; text_color=\u00a0\u00bblight\u00a0\u00bb text_align=\u00a0\u00bbleft\u00a0\u00bb row_border_radius=\u00a0\u00bbnone\u00a0\u00bb row_border_radius_applies=\u00a0\u00bbbg\u00a0\u00bb overflow=\u00a0\u00bbvisible\u00a0\u00bb overlay_strength=\u00a0\u00bb0.3&Prime; gradient_direction=\u00a0\u00bbleft_to_right\u00a0\u00bb shape_divider_position=\u00a0\u00bbbottom\u00a0\u00bb bg_image_animation=\u00a0\u00bbnone\u00a0\u00bb shape_type=\u00a0\u00bb\u00a0\u00bb][vc_column column_padding=\u00a0\u00bbno-extra-padding\u00a0\u00bb column_padding_tablet=\u00a0\u00bbinherit\u00a0\u00bb column_padding_phone=\u00a0\u00bbinherit\u00a0\u00bb column_padding_position=\u00a0\u00bball\u00a0\u00bb column_element_direction_desktop=\u00a0\u00bbdefault\u00a0\u00bb column_element_spacing=\u00a0\u00bbdefault\u00a0\u00bb desktop_text_alignment=\u00a0\u00bbdefault\u00a0\u00bb tablet_text_alignment=\u00a0\u00bbdefault\u00a0\u00bb phone_text_alignment=\u00a0\u00bbdefault\u00a0\u00bb&#8230;<\/p>\n","protected":false},"author":14,"featured_media":0,"parent":565,"menu_order":0,"comment_status":"open","ping_status":"open","template":"","meta":{"footnotes":""},"class_list":["post-569","page","type-page","status-publish"],"_links":{"self":[{"href":"https:\/\/www.snowdlight.com\/fr\/wp-json\/wp\/v2\/pages\/569","targetHints":{"allow":["GET"]}}],"collection":[{"href":"https:\/\/www.snowdlight.com\/fr\/wp-json\/wp\/v2\/pages"}],"about":[{"href":"https:\/\/www.snowdlight.com\/fr\/wp-json\/wp\/v2\/types\/page"}],"author":[{"embeddable":true,"href":"https:\/\/www.snowdlight.com\/fr\/wp-json\/wp\/v2\/users\/14"}],"replies":[{"embeddable":true,"href":"https:\/\/www.snowdlight.com\/fr\/wp-json\/wp\/v2\/comments?post=569"}],"version-history":[{"count":3,"href":"https:\/\/www.snowdlight.com\/fr\/wp-json\/wp\/v2\/pages\/569\/revisions"}],"predecessor-version":[{"id":2541,"href":"https:\/\/www.snowdlight.com\/fr\/wp-json\/wp\/v2\/pages\/569\/revisions\/2541"}],"up":[{"embeddable":true,"href":"https:\/\/www.snowdlight.com\/fr\/wp-json\/wp\/v2\/pages\/565"}],"wp:attachment":[{"href":"https:\/\/www.snowdlight.com\/fr\/wp-json\/wp\/v2\/media?parent=569"}],"curies":[{"name":"wp","href":"https:\/\/api.w.org\/{rel}","templated":true}]}}