{"id":574,"date":"2013-10-24T11:27:24","date_gmt":"2013-10-24T11:27:24","guid":{"rendered":"https:\/\/www.snowdlight.com\/site\/?page_id=574"},"modified":"2022-11-11T09:41:25","modified_gmt":"2022-11-11T09:41:25","slug":"question","status":"publish","type":"page","link":"https:\/\/www.snowdlight.com\/fr\/nos-cours\/question\/","title":{"rendered":"Questions \/ R\u00e9ponses"},"content":{"rendered":"[vc_row type=\u00a0\u00bbfull_width_background\u00a0\u00bb full_screen_row_position=\u00a0\u00bbmiddle\u00a0\u00bb column_margin=\u00a0\u00bbdefault\u00a0\u00bb column_direction=\u00a0\u00bbdefault\u00a0\u00bb column_direction_tablet=\u00a0\u00bbdefault\u00a0\u00bb column_direction_phone=\u00a0\u00bbdefault\u00a0\u00bb bg_color=\u00a0\u00bb#1d70b7&Prime; scene_position=\u00a0\u00bbcenter\u00a0\u00bb top_padding=\u00a0\u00bb70&Prime; bottom_padding=\u00a0\u00bb70&Prime; text_color=\u00a0\u00bblight\u00a0\u00bb text_align=\u00a0\u00bbleft\u00a0\u00bb row_border_radius=\u00a0\u00bbnone\u00a0\u00bb row_border_radius_applies=\u00a0\u00bbbg\u00a0\u00bb overflow=\u00a0\u00bbvisible\u00a0\u00bb overlay_strength=\u00a0\u00bb0.3&Prime; gradient_direction=\u00a0\u00bbleft_to_right\u00a0\u00bb shape_divider_position=\u00a0\u00bbbottom\u00a0\u00bb bg_image_animation=\u00a0\u00bbnone\u00a0\u00bb shape_type=\u00a0\u00bb\u00a0\u00bb][vc_column column_padding=\u00a0\u00bbno-extra-padding\u00a0\u00bb column_padding_tablet=\u00a0\u00bbinherit\u00a0\u00bb column_padding_phone=\u00a0\u00bbinherit\u00a0\u00bb column_padding_position=\u00a0\u00bball\u00a0\u00bb column_element_direction_desktop=\u00a0\u00bbdefault\u00a0\u00bb column_element_spacing=\u00a0\u00bbdefault\u00a0\u00bb desktop_text_alignment=\u00a0\u00bbdefault\u00a0\u00bb tablet_text_alignment=\u00a0\u00bbdefault\u00a0\u00bb phone_text_alignment=\u00a0\u00bbdefault\u00a0\u00bb background_color_opacity=\u00a0\u00bb1&Prime; background_hover_color_opacity=\u00a0\u00bb1&Prime; column_backdrop_filter=\u00a0\u00bbnone\u00a0\u00bb column_shadow=\u00a0\u00bbnone\u00a0\u00bb column_border_radius=\u00a0\u00bbnone\u00a0\u00bb column_link_target=\u00a0\u00bb_self\u00a0\u00bb column_position=\u00a0\u00bbdefault\u00a0\u00bb gradient_direction=\u00a0\u00bbleft_to_right\u00a0\u00bb overlay_strength=\u00a0\u00bb0.3&Prime; width=\u00a0\u00bb1\/1&Prime; tablet_width_inherit=\u00a0\u00bbdefault\u00a0\u00bb animation_type=\u00a0\u00bbdefault\u00a0\u00bb bg_image_animation=\u00a0\u00bbnone\u00a0\u00bb border_type=\u00a0\u00bbsimple\u00a0\u00bb column_border_width=\u00a0\u00bbnone\u00a0\u00bb column_border_style=\u00a0\u00bbsolid\u00a0\u00bb][vc_column_text]\n<div class=\"row-fluid\">\n<div class=\"wpb_content_element span6 wpb_text_column\">\n<div class=\"wpb_wrapper clearfix\">\n<h1 style=\"text-align: center;\">Questions et R\u00e9ponses<\/h1>\n<\/div>\n<\/div>\n<\/div>\n[\/vc_column_text][\/vc_column][\/vc_row][vc_row type=\u00a0\u00bbin_container\u00a0\u00bb full_screen_row_position=\u00a0\u00bbmiddle\u00a0\u00bb column_margin=\u00a0\u00bbdefault\u00a0\u00bb column_direction=\u00a0\u00bbdefault\u00a0\u00bb column_direction_tablet=\u00a0\u00bbdefault\u00a0\u00bb column_direction_phone=\u00a0\u00bbdefault\u00a0\u00bb scene_position=\u00a0\u00bbcenter\u00a0\u00bb top_padding=\u00a0\u00bb70&Prime; bottom_padding=\u00a0\u00bb70&Prime; text_color=\u00a0\u00bbdark\u00a0\u00bb text_align=\u00a0\u00bbleft\u00a0\u00bb row_border_radius=\u00a0\u00bbnone\u00a0\u00bb row_border_radius_applies=\u00a0\u00bbbg\u00a0\u00bb overflow=\u00a0\u00bbvisible\u00a0\u00bb overlay_strength=\u00a0\u00bb0.3&Prime; gradient_direction=\u00a0\u00bbleft_to_right\u00a0\u00bb shape_divider_position=\u00a0\u00bbbottom\u00a0\u00bb bg_image_animation=\u00a0\u00bbnone\u00a0\u00bb shape_type=\u00a0\u00bb\u00a0\u00bb][vc_column column_padding=\u00a0\u00bbno-extra-padding\u00a0\u00bb column_padding_tablet=\u00a0\u00bbinherit\u00a0\u00bb column_padding_phone=\u00a0\u00bbinherit\u00a0\u00bb column_padding_position=\u00a0\u00bball\u00a0\u00bb column_element_direction_desktop=\u00a0\u00bbdefault\u00a0\u00bb column_element_spacing=\u00a0\u00bbdefault\u00a0\u00bb desktop_text_alignment=\u00a0\u00bbdefault\u00a0\u00bb tablet_text_alignment=\u00a0\u00bbdefault\u00a0\u00bb phone_text_alignment=\u00a0\u00bbdefault\u00a0\u00bb background_color_opacity=\u00a0\u00bb1&Prime; background_hover_color_opacity=\u00a0\u00bb1&Prime; column_backdrop_filter=\u00a0\u00bbnone\u00a0\u00bb column_shadow=\u00a0\u00bbnone\u00a0\u00bb column_border_radius=\u00a0\u00bbnone\u00a0\u00bb column_link_target=\u00a0\u00bb_self\u00a0\u00bb column_position=\u00a0\u00bbdefault\u00a0\u00bb gradient_direction=\u00a0\u00bbleft_to_right\u00a0\u00bb overlay_strength=\u00a0\u00bb0.3&Prime; width=\u00a0\u00bb1\/1&Prime; tablet_width_inherit=\u00a0\u00bbdefault\u00a0\u00bb animation_type=\u00a0\u00bbdefault\u00a0\u00bb bg_image_animation=\u00a0\u00bbnone\u00a0\u00bb border_type=\u00a0\u00bbsimple\u00a0\u00bb column_border_width=\u00a0\u00bbnone\u00a0\u00bb column_border_style=\u00a0\u00bbsolid\u00a0\u00bb][toggles style=\u00a0\u00bbdefault\u00a0\u00bb border_radius=\u00a0\u00bbnone\u00a0\u00bb][toggle color=\u00a0\u00bbAccent-Color\u00a0\u00bb heading_tag=\u00a0\u00bbdefault\u00a0\u00bb heading_tag_functionality=\u00a0\u00bbdefault\u00a0\u00bb title=\u00a0\u00bbComment r\u00e9server?\u00a0\u00bb][vc_column_text]Le plus simple et le plus rapide est par courrier \u00e9lectronique ou par t\u00e9l\u00e9phone. Vous devrez fournir les renseignements suivants :<\/p>\n<ul>\n<li>Num\u00e9ro de portable, adresse mail.<\/li>\n<li>Date d&rsquo;arriv\u00e9e et dur\u00e9e de votre s\u00e9jour.<\/li>\n<li>Nom de votre h\u00f4tel ou de votre chalet.<\/li>\n<li>Nom de votre organisateur de voyage.<\/li>\n<li>Pour les cours collectifs : nom, \u00e2ge (des enfants seulement), niveau de ski.<\/li>\n<\/ul>\n<p>Apr\u00e8s la confirmation de votre r\u00e9servation, nous vous demanderons une caution de 50%, par carte visa ou mastercard.<\/p>\n<p>Pendant votre s\u00e9jour, le solde restant sera pr\u00e9lev\u00e9 sur la m\u00eame carte. (Vous pouvez utiliser un autre moyen de paiement, \u00e0 pr\u00e9ciser lors de la r\u00e9servation).[\/vc_column_text][\/toggle][toggle color=\u00a0\u00bbAccent-Color\u00a0\u00bb heading_tag=\u00a0\u00bbdefault\u00a0\u00bb heading_tag_functionality=\u00a0\u00bbdefault\u00a0\u00bb title=\u00a0\u00bbVos moniteurs parlent-ils le Fran\u00e7ais?\u00a0\u00bb][vc_column_text]Oui, tous parlent couramment l&rsquo;anglais et le fran\u00e7ais. Nous avons aussi des moniteurs sachant parler le russe,\u00a0l&rsquo;espagnol,\u00a0l&rsquo;italien,\u00a0l&rsquo;allemand.[\/vc_column_text][\/toggle][toggle color=\u00a0\u00bbAccent-Color\u00a0\u00bb heading_tag=\u00a0\u00bbdefault\u00a0\u00bb heading_tag_functionality=\u00a0\u00bbdefault\u00a0\u00bb title=\u00a0\u00bbPouvons-nous changer de groupe si le niveau dans lequel nous sommes inscrits est trop difficile ou trop facile?\u00a0\u00bb][vc_column_text]Bien s\u00fbr. Au moment de la r\u00e9servation, nous ferons de notre mieux pour d\u00e9terminer votre niveau.<\/p>\n<p>Lors des premi\u00e8res le\u00e7ons, les moniteurs harmonisent les groupes et des changements peuvent alors s&rsquo;effectuer. Les skieurs \u00e9voluent selon leur propre rythme. Si, pour des raisons personnelles, vous d\u00e9sirez int\u00e9grer un niveau inf\u00e9rieur dans lequel vous vous sentirez plus en confiance, parlez-en \u00e0 votre moniteur.[\/vc_column_text][\/toggle][toggle color=\u00a0\u00bbAccent-Color\u00a0\u00bb heading_tag=\u00a0\u00bbdefault\u00a0\u00bb heading_tag_functionality=\u00a0\u00bbdefault\u00a0\u00bb title=\u00a0\u00bbO\u00f9 se trouve le point de rendez-vous?\u00a0\u00bb][vc_column_text]A M\u00e9ribel, place de la Chaudanne, le plus grand centre des remont\u00e9es m\u00e9caniques de la station. Cette place se situe derri\u00e8re les t\u00e9l\u00e9cabines du Tougnete, face au restaurant \u00ab\u00a0les Castors\u00a0\u00bb o\u00f9 vous trouverez notre panneau \u00ab\u00a0Snow d&rsquo;light\u00a0\u00bb.<br \/>\nA Courchevel, le lieu de rendez-vous est \u00ab\u00a0Place de la Croisette\u00a0\u00bb, \u00e0 l&rsquo;entr\u00e9e du Jardin Alpin de Courchevel 1850 (pr\u00e8s des remont\u00e9es m\u00e9caniques \u00ab\u00a0Jardin Alpin, Verdon et Chenus\u00a0\u00bb<\/p>\n<p>Voir emplacement \u00ab\u00a0<a href=\"https:\/\/www.snowdlight.com\/fr\/ecole-de-ski\/location\/\">\u00e9cole de ski<\/a>\u00a0\u00bb sur cette page.[\/vc_column_text][\/toggle][toggle color=\u00a0\u00bbAccent-Color\u00a0\u00bb heading_tag=\u00a0\u00bbdefault\u00a0\u00bb heading_tag_functionality=\u00a0\u00bbdefault\u00a0\u00bb title=\u00a0\u00bbComment reconna\u00eetre notre moniteur?\u00a0\u00bb][vc_column_text]Nos moniteurs sont facilement reconnaissable portant nos tenues vestimentaires noires et bleues avec le logo \u00ab Snow D\u2019Light \u00bb appliqu\u00e9 sur le dos et le devant. Votre point de rendez-vous pr\u00e9cis vous sera confirm\u00e9 pr\u00e9alablement \u00e0 votre le\u00e7on et votre num\u00e9ro de t\u00e9l\u00e9phone comme celui de votre moniteur seront \u00e9chang\u00e9s par sms ou Whatsapp.[\/vc_column_text][\/toggle][toggle color=\u00a0\u00bbAccent-Color\u00a0\u00bb heading_tag=\u00a0\u00bbdefault\u00a0\u00bb heading_tag_functionality=\u00a0\u00bbdefault\u00a0\u00bb title=\u00a0\u00bbInformations sur les cours pour enfants\u00a0\u00bb][vc_column_text]En g\u00e9n\u00e9ral, les enfants peuvent commencer \u00e0 skier vers l&rsquo;\u00e2ge de 4 ans. Mais plus ils sont vigoureux, plus il leur est facile et agr\u00e9able de pratiquer ce sport. Les petits de 3 \u00e0\u00a05 ans ne peuvent passer qu&rsquo;une demi journ\u00e9e sur les pistes. Ils n&rsquo;ont pas suffisamment d&rsquo;\u00e9nergie pour skier une journ\u00e9e enti\u00e8re. Le reste du temps peut \u00eatre consacr\u00e9 \u00e0 des jeux de neige.<\/p>\n<p>Beaucoup de moniteurs enseignent par le jeu, le mim\u00e9tisme, etc et \u00e9vitent le langage trop technique. Ne vous \u00e9tonnez donc pas si votre enfant parle de \u00ab\u00a0souris\u00a0\u00bb ou de \u00ab\u00a0pizza\u00a0\u00bb\u00a0 &#8211; cela signifie simplement qu&rsquo;il skie en parall\u00e8le ou en chasse-neige- ou comme \u00e9tant \u00ab\u00a0grand comme une maison\u00a0\u00bb, ou \u00ab\u00a0petit comme une souris\u00a0\u00bb&#8230;<\/p>\n<p>Skier doit rester un plaisir. Ne vous inqui\u00e9tez pas trop si les progr\u00e8s ne sont pas aussi rapides que vous le d\u00e9sireriez. Si votre enfant \u00e9prouve de la joie \u00e0 skier, l&rsquo;am\u00e9lioration technique viendra en temps voulu. Si vous avez des soucis, parlez-en avec son moniteur d\u00e8s le d\u00e9part.[\/vc_column_text][\/toggle][toggle color=\u00a0\u00bbAccent-Color\u00a0\u00bb heading_tag=\u00a0\u00bbdefault\u00a0\u00bb heading_tag_functionality=\u00a0\u00bbdefault\u00a0\u00bb title=\u00a0\u00bbGroupe\/Cours particuliers\u00a0\u00bb][vc_column_text]On a coutume de penser que l&rsquo;attention pr\u00eat\u00e9e \u00e0 l&rsquo;enfant lors de cours priv\u00e9s est le seul moyen de le faire progresser.<\/p>\n<p>Notre \u00e9cole propose des petits groupes (4 \u00e0 8 membres), Les enfants aiment l&rsquo;interaction avec leurs petits camarades et\u00a0 b\u00e9n\u00e9ficient en m\u00eame temps d&rsquo;une instruction individuelle. Dans ce climat d&rsquo;\u00e9mulation amicale, les progr\u00e8s sont rapides. Cette formule est tr\u00e8s demand\u00e9e \u00e0 M\u00e9ribel et \u00e0 Courchevel; aussi, nous vous conseillons de r\u00e9server \u00e0 l&rsquo;avance, notamment pendant la p\u00e9riode des vacances scolaires.<\/p>\n<p>Prenez le temps de v\u00e9rifier le lieu de rendez-vous, surtout si vous prenez des le\u00e7ons de votre c\u00f4t\u00e9, de fa\u00e7on \u00e0 \u00eatre disponible pour amener vos enfants et pour les r\u00e9cup\u00e9rer.[\/vc_column_text][\/toggle][toggle color=\u00a0\u00bbAccent-Color\u00a0\u00bb heading_tag=\u00a0\u00bbdefault\u00a0\u00bb heading_tag_functionality=\u00a0\u00bbdefault\u00a0\u00bb title=\u00a0\u00bbPremier jour \u00e0 l&rsquo;\u00e9cole de ski\u00a0\u00bb][vc_column_text]\n<ul>\n<li>Ecrivez votre num\u00e9ro de portable, ou un autre num\u00e9ro, sur un papier que vous metrez dans une\u00a0\u00a0 poche de l&rsquo;anorak de votre enfant, en cas de n\u00e9cessit\u00e9.<\/li>\n<li>Pr\u00e9voyez une cr\u00e8me solaire r\u00e9sistante \u00e0 l&rsquo;eau, (indice 30 minimum). Placez le tube dans une poche facilement accessible.<\/li>\n<li>Le port d&rsquo;un casque est obligatoire. Vous pouvez en louer un<\/li>\n<li>Les yeux des enfants sont tr\u00e8s sensibles, ils doivent porter des lunettes ou un masque.<\/li>\n<li>N&rsquo;oubliez pas les gants, faciles \u00e0 mettre ou \u00e0 \u00f4ter.<\/li>\n<li>Les enfants se refroidissent plus vite que les adultes. Assurez-vous qu&rsquo;ils soient suffisamment couverts.<\/li>\n<li>Pensez \u00e0 leur donner une boisson pour la pause, ou de l&rsquo;argent pour s&rsquo;en procurer. Nous fournissons le go\u00fbter.<\/li>\n<li>Avant la premi\u00e8re le\u00e7on, donnez au moniteur tout renseignement utile \u00e0 conna\u00eetre (par exemple : si votre enfant se fatigue vite, s&rsquo;il a peur des remonte-pente, s&rsquo;il a une allergie&#8230;)<\/li>\n<li>Nous vous recommandons de marquer les v\u00eatements et le mat\u00e9riel de votre enfant \u00e0 son nom. Vous pouvez utiliser du sparadrap (pour le casque, les skis&#8230;)<\/li>\n<li>Il est souhaitable que les gants et le bonnet soient attach\u00e9s \u00e0 l&rsquo;anorak (ou \u00e0 l&rsquo;enfant).<\/li>\n<\/ul>\n[\/vc_column_text][\/toggle][\/toggles][divider line_type=\u00a0\u00bbNo Line\u00a0\u00bb custom_height=\u00a0\u00bb15&Prime;][vc_column_text]\n<h4>D&rsquo;autres questions?<\/h4>\n<p>Appelez le <a href=\"tel:+33664816010\" target=\"_blank\" rel=\"noopener noreferrer\">+33 (0) 664 816 010<\/a>[\/vc_column_text][\/vc_column][\/vc_row]\n","protected":false},"excerpt":{"rendered":"<p>[vc_row type=\u00a0\u00bbfull_width_background\u00a0\u00bb full_screen_row_position=\u00a0\u00bbmiddle\u00a0\u00bb column_margin=\u00a0\u00bbdefault\u00a0\u00bb column_direction=\u00a0\u00bbdefault\u00a0\u00bb column_direction_tablet=\u00a0\u00bbdefault\u00a0\u00bb column_direction_phone=\u00a0\u00bbdefault\u00a0\u00bb bg_color=\u00a0\u00bb#1d70b7&Prime; scene_position=\u00a0\u00bbcenter\u00a0\u00bb top_padding=\u00a0\u00bb70&Prime; bottom_padding=\u00a0\u00bb70&Prime; text_color=\u00a0\u00bblight\u00a0\u00bb text_align=\u00a0\u00bbleft\u00a0\u00bb row_border_radius=\u00a0\u00bbnone\u00a0\u00bb row_border_radius_applies=\u00a0\u00bbbg\u00a0\u00bb overflow=\u00a0\u00bbvisible\u00a0\u00bb overlay_strength=\u00a0\u00bb0.3&Prime; gradient_direction=\u00a0\u00bbleft_to_right\u00a0\u00bb shape_divider_position=\u00a0\u00bbbottom\u00a0\u00bb bg_image_animation=\u00a0\u00bbnone\u00a0\u00bb shape_type=\u00a0\u00bb\u00a0\u00bb][vc_column column_padding=\u00a0\u00bbno-extra-padding\u00a0\u00bb column_padding_tablet=\u00a0\u00bbinherit\u00a0\u00bb column_padding_phone=\u00a0\u00bbinherit\u00a0\u00bb column_padding_position=\u00a0\u00bball\u00a0\u00bb column_element_direction_desktop=\u00a0\u00bbdefault\u00a0\u00bb column_element_spacing=\u00a0\u00bbdefault\u00a0\u00bb desktop_text_alignment=\u00a0\u00bbdefault\u00a0\u00bb tablet_text_alignment=\u00a0\u00bbdefault\u00a0\u00bb phone_text_alignment=\u00a0\u00bbdefault\u00a0\u00bb&#8230;<\/p>\n","protected":false},"author":14,"featured_media":0,"parent":565,"menu_order":0,"comment_status":"open","ping_status":"open","template":"","meta":{"footnotes":""},"class_list":["post-574","page","type-page","status-publish"],"_links":{"self":[{"href":"https:\/\/www.snowdlight.com\/fr\/wp-json\/wp\/v2\/pages\/574","targetHints":{"allow":["GET"]}}],"collection":[{"href":"https:\/\/www.snowdlight.com\/fr\/wp-json\/wp\/v2\/pages"}],"about":[{"href":"https:\/\/www.snowdlight.com\/fr\/wp-json\/wp\/v2\/types\/page"}],"author":[{"embeddable":true,"href":"https:\/\/www.snowdlight.com\/fr\/wp-json\/wp\/v2\/users\/14"}],"replies":[{"embeddable":true,"href":"https:\/\/www.snowdlight.com\/fr\/wp-json\/wp\/v2\/comments?post=574"}],"version-history":[{"count":2,"href":"https:\/\/www.snowdlight.com\/fr\/wp-json\/wp\/v2\/pages\/574\/revisions"}],"predecessor-version":[{"id":2542,"href":"https:\/\/www.snowdlight.com\/fr\/wp-json\/wp\/v2\/pages\/574\/revisions\/2542"}],"up":[{"embeddable":true,"href":"https:\/\/www.snowdlight.com\/fr\/wp-json\/wp\/v2\/pages\/565"}],"wp:attachment":[{"href":"https:\/\/www.snowdlight.com\/fr\/wp-json\/wp\/v2\/media?parent=574"}],"curies":[{"name":"wp","href":"https:\/\/api.w.org\/{rel}","templated":true}]}}